{"id":120,"date":"2024-02-27T09:27:56","date_gmt":"2024-02-27T08:27:56","guid":{"rendered":"https:\/\/sandkasten.navigatohr.ch\/?page_id=120"},"modified":"2024-02-27T09:30:52","modified_gmt":"2024-02-27T08:30:52","slug":"gruende","status":"publish","type":"page","link":"https:\/\/sandkasten.navigatohr.ch\/?page_id=120","title":{"rendered":"Warum sind Messengerdienste inbesondere hilfreich f\u00fcr schwerh\u00f6rige Menschen?\u00a0"},"content":{"rendered":"\n<p class=\"has-text-align-left\"><mark style=\"background-color:rgba(0, 0, 0, 0)\" class=\"has-inline-color has-bright-blue-color\"><strong>Neben den Vorteilen, die Textnachrichten f\u00fcr alle Nutzer haben, haben sie besonders f\u00fcr schwerh\u00f6rige Menschen einige Vorteile.\u00a0<\/strong><\/mark><\/p>\n\n\n\n<div class=\"su-spoiler su-spoiler-style-fancy su-spoiler-icon-plus-circle su-spoiler-closed\" data-scroll-offset=\"0\" data-anchor-in-url=\"no\"><div class=\"su-spoiler-title\" tabindex=\"0\" role=\"button\"><span class=\"su-spoiler-icon\"><\/span>Verlustfreie Kommunikation per Text<\/div><div class=\"su-spoiler-content su-u-clearfix su-u-trim\">Im Medium Text geht weniger Information verloren. Die Krux an der Schwerh\u00f6rigkeit ist ja, dass Informationen, die uns auf dem \u201cAudiokanal\u201d \u00fcbermittelt werden, immer mal was verloren geht. Wir Schwerh\u00f6rige kriegen nunmal einfach nicht alles mit. Textnachrichten sind rein visuell, d.h. wir k\u00f6nnen sie lesen und es ist egal, ob wir h\u00f6ren oder nicht. Auch kann man Textnachrichten so oft lesen, wie man braucht, um sie verstanden zu haben. Wenn man Gesprochenes nicht mitgekriegt hat, muss man nachfragen oder hat die Chance verpasst. <\/div><\/div>\n\n\n\n<div class=\"su-spoiler su-spoiler-style-fancy su-spoiler-icon-plus-circle su-spoiler-closed\" data-scroll-offset=\"0\" data-anchor-in-url=\"no\"><div class=\"su-spoiler-title\" tabindex=\"0\" role=\"button\"><span class=\"su-spoiler-icon\"><\/span>Einfache und niedrigschwellige Art in Kontakt zu bleiben<\/div><div class=\"su-spoiler-content su-u-clearfix su-u-trim\">Als schwerh\u00f6rige Menschen haben wir oft Probleme, Gespr\u00e4chen zu folgen, die in gro\u00dfen Gruppen passieren. So sind insbesondere Familienfeiern und andere soziale Veranstaltungen f\u00fcr uns nicht der beste Ort, um durch tiefgehende Gespr\u00e4che Beziehungen zu pflegen. Kurznachrichten mit den Lieben im Alltag hier und da auszutauschen, ist daher eine zus\u00e4tzliche M\u00f6glichkeit mit Menschen in Kontakt zu bleiben und Beziehungen zu festigen.  <\/div><\/div>\n\n\n\n<p class=\"has-medium-font-size\"><div class=\"su-spoiler su-spoiler-style-fancy su-spoiler-icon-plus-circle su-spoiler-closed\" data-scroll-offset=\"0\" data-anchor-in-url=\"no\"><div class=\"su-spoiler-title\" tabindex=\"0\" role=\"button\"><span class=\"su-spoiler-icon\"><\/span>Kein tiefes technisches Verst\u00e4ndnis n\u00f6tig <\/div><div class=\"su-spoiler-content su-u-clearfix su-u-trim\">Um Textnachrichten zu schreiben, brauchen Sie lediglich Grundkenntnisse im Umgang mit einem Smartphone. Im Grunde funktioniert alles sehr intuitiv: man w\u00e4hlt die Person aus, der man schreiben m\u00f6chte, tippt seinen Text in das Textfeld ganz unten im Bild und klickt auf einen Knopf zum Abschicken. Manche von Ihnen m\u00f6gen schon \u00e4lteren Semesters sein und haben sich bisher noch nicht viel ans Smartphone gewagt haben.  \n\n \nTextnachrichten zu schreiben kann man lernen und ist mit wenig \u00dcbung zu meistern. Das bedeutet, dass von all den Dingen, die unsere Smartphones so k\u00f6nnen, Textnachrichten schreiben eine relativ einfache T\u00e4tigkeit sind. Lassen Sie sich nicht davon abschrecken und versuchen Sie es mal, auch wenn Sie sich selbst sonst nicht f\u00fcr technisch begabt halten. <\/div><\/div>\n","protected":false},"excerpt":{"rendered":"<p>Neben den Vorteilen, die Textnachrichten f\u00fcr alle Nutzer haben, haben sie besonders f\u00fcr schwerh\u00f6rige Menschen einige Vorteile.\u00a0<\/p>\n","protected":false},"author":1,"featured_media":0,"parent":0,"menu_order":0,"comment_status":"closed","ping_status":"closed","template":"","meta":{"footnotes":""},"class_list":["post-120","page","type-page","status-publish","hentry"],"_links":{"self":[{"href":"https:\/\/sandkasten.navigatohr.ch\/index.php?rest_route=\/wp\/v2\/pages\/120","targetHints":{"allow":["GET"]}}],"collection":[{"href":"https:\/\/sandkasten.navigatohr.ch\/index.php?rest_route=\/wp\/v2\/pages"}],"about":[{"href":"https:\/\/sandkasten.navigatohr.ch\/index.php?rest_route=\/wp\/v2\/types\/page"}],"author":[{"embeddable":true,"href":"https:\/\/sandkasten.navigatohr.ch\/index.php?rest_route=\/wp\/v2\/users\/1"}],"replies":[{"embeddable":true,"href":"https:\/\/sandkasten.navigatohr.ch\/index.php?rest_route=%2Fwp%2Fv2%2Fcomments&post=120"}],"version-history":[{"count":6,"href":"https:\/\/sandkasten.navigatohr.ch\/index.php?rest_route=\/wp\/v2\/pages\/120\/revisions"}],"predecessor-version":[{"id":127,"href":"https:\/\/sandkasten.navigatohr.ch\/index.php?rest_route=\/wp\/v2\/pages\/120\/revisions\/127"}],"wp:attachment":[{"href":"https:\/\/sandkasten.navigatohr.ch\/index.php?rest_route=%2Fwp%2Fv2%2Fmedia&parent=120"}],"curies":[{"name":"wp","href":"https:\/\/api.w.org\/{rel}","templated":true}]}}